{"id":94,"date":"2016-03-09T18:39:21","date_gmt":"2016-03-09T17:39:21","guid":{"rendered":"http:\/\/mairie-leplessisgassot.fr\/?page_id=94"},"modified":"2023-05-04T10:54:35","modified_gmt":"2023-05-04T09:54:35","slug":"sante","status":"publish","type":"page","link":"https:\/\/mairie-leplessisgassot.fr\/?page_id=94","title":{"rendered":"Sant\u00e9"},"content":{"rendered":"<p><img loading=\"lazy\" decoding=\"async\" class=\"alignnone size-medium wp-image-1175\" src=\"https:\/\/mairie-leplessisgassot.fr\/wp-content\/uploads\/2020\/01\/Baln\u00e9o-300x169.jpg\" alt=\"\" width=\"300\" height=\"169\" srcset=\"https:\/\/mairie-leplessisgassot.fr\/wp-content\/uploads\/2020\/01\/Baln\u00e9o-300x169.jpg 300w, https:\/\/mairie-leplessisgassot.fr\/wp-content\/uploads\/2020\/01\/Baln\u00e9o-768x432.jpg 768w, https:\/\/mairie-leplessisgassot.fr\/wp-content\/uploads\/2020\/01\/Baln\u00e9o-1024x576.jpg 1024w\" sizes=\"(max-width: 300px) 100vw, 300px\" \/><br \/>\nCentre baln\u00e9oth\u00e9rapie avec kin\u00e9sith\u00e9rapeutes<\/p>\n<p><b>Situ\u00e9 au<\/b><br \/>\n<b>Sente de la Ferme du Ch\u00e2teau<\/b><br \/>\n<b>95 720 Le Plessis-Gassot<\/b><br \/>\n<b>Num\u00e9ro : 01 74 93 64 15<\/b><\/p>\n<p><strong>Kin\u00e9 : ILKAY IIHAN<\/strong><\/p>\n<p>Le centre est ouvert du <span style=\"text-decoration: underline\">Lundi au Vendredi de 8h30 \u00e0 20h<\/span><\/p>\n","protected":false},"excerpt":{"rendered":"<p>Centre baln\u00e9oth\u00e9rapie avec kin\u00e9sith\u00e9rapeutes Situ\u00e9 au Sente de la Ferme du Ch\u00e2teau 95 720 Le Plessis-Gassot Num\u00e9ro : 01 74 93 64 15 Kin\u00e9 : ILKAY IIHAN Le centre est ouvert du Lundi au Vendredi de 8h30 \u00e0 20h<\/p>\n","protected":false},"author":1,"featured_media":0,"parent":0,"menu_order":0,"comment_status":"closed","ping_status":"closed","template":"","meta":{"footnotes":""},"_links":{"self":[{"href":"https:\/\/mairie-leplessisgassot.fr\/index.php?rest_route=\/wp\/v2\/pages\/94"}],"collection":[{"href":"https:\/\/mairie-leplessisgassot.fr\/index.php?rest_route=\/wp\/v2\/pages"}],"about":[{"href":"https:\/\/mairie-leplessisgassot.fr\/index.php?rest_route=\/wp\/v2\/types\/page"}],"author":[{"embeddable":true,"href":"https:\/\/mairie-leplessisgassot.fr\/index.php?rest_route=\/wp\/v2\/users\/1"}],"replies":[{"embeddable":true,"href":"https:\/\/mairie-leplessisgassot.fr\/index.php?rest_route=%2Fwp%2Fv2%2Fcomments&post=94"}],"version-history":[{"count":4,"href":"https:\/\/mairie-leplessisgassot.fr\/index.php?rest_route=\/wp\/v2\/pages\/94\/revisions"}],"predecessor-version":[{"id":1660,"href":"https:\/\/mairie-leplessisgassot.fr\/index.php?rest_route=\/wp\/v2\/pages\/94\/revisions\/1660"}],"wp:attachment":[{"href":"https:\/\/mairie-leplessisgassot.fr\/index.php?rest_route=%2Fwp%2Fv2%2Fmedia&parent=94"}],"curies":[{"name":"wp","href":"https:\/\/api.w.org\/{rel}","templated":true}]}}