{"id":59,"date":"2016-03-09T17:15:14","date_gmt":"2016-03-09T16:15:14","guid":{"rendered":"http:\/\/mairie-leplessisgassot.fr\/?page_id=59"},"modified":"2016-03-10T16:29:39","modified_gmt":"2016-03-10T15:29:39","slug":"histoire-de-commune","status":"publish","type":"page","link":"https:\/\/mairie-leplessisgassot.fr\/?page_id=59","title":{"rendered":"Histoire de la commune"},"content":{"rendered":"<p>[vc_row][vc_column][vc_column_text]Son clocher pench\u00e9, disparu en 1899, a fait le d\u00e9lice des peintres. Les villages d&#8217;<a href=\"http:\/\/www.ecouen.fr\/\" target=\"_blank\">\u00c9couen<\/a>, <a href=\"https:\/\/fr.wikipedia.org\/wiki\/Bouqueval\" target=\"_blank\">Bouqueval<\/a>, <a href=\"http:\/\/fontenay-en-parisis.fr\/\" target=\"_blank\">Fontenay-en-France<\/a> et <a href=\"http:\/\/www.le-mesnil-aubry.fr\/\" target=\"_blank\">Le Mesnil-Aubry<\/a> marquent ses limites. Sa population, de tout temps rurale, n&#8217;a jamais d\u00e9pass\u00e9 les deux cents \u00e2mes et atteint aujourd&#8217;hui moins d&#8217;une centaine d&#8217;habitants. Il est situ\u00e9 par-del\u00e0 \u00c9couen, dans un pays de labourages qui fut au dioc\u00e8se de Paris, en pays de France.[\/vc_column_text][vc_basic_grid post_type=&#8221;post&#8221; max_items=&#8221;10&#8243; gap=&#8221;15&#8243; item=&#8221;325&#8243; grid_id=&#8221;vc_gid:1457623765637-729fa8c1-8e0d-8&#8243; taxonomies=&#8221;5&#8243;][vc_column_text]<\/p>\n<h2>Bibliographie<\/h2>\n<ul>\n<li>Baduel Daniel, Le Plessis-Gassot : recherche sur l&#8217;origine du mot plessis. Bull. tr. JPGF. Villiers-le-Bel 1996.<\/li>\n<li>Baduel Daniel, Essais sur Le Plessis-Gassot : finage et \u00e9tymologie. In Bull. annuel JPGF no 6. Dieppe 1976.<\/li>\n<li>Brunet Claude, Une communaut\u00e9 rurale au XVIII<sup>e<\/sup> si\u00e8cle : Le Plessis-Gassot (Seine-et-Oise), commission d&#8217;histoire \u00e9conomique et sociale de la R\u00e9volution fran\u00e7aise (1963). Paris 1964.<\/li>\n<li>Buff\u00e9vent B\u00e9atrix (de) , L&#8217;\u00e9conomie dentelli\u00e8re en r\u00e9gion parisienne au XVII<sup>e<\/sup> si\u00e8cle. Soci\u00e9t\u00e9 historique de Pontoise. Cahors 1984.<\/li>\n<li>Dedin-Laporte P., La seigneurie du Plessis-Gassot en Parisis. Bergerac 1934.<\/li>\n<li>Guilhermy E. (de) , Inscriptions de la France du V<sup>e<\/sup> au XVIII<sup>e<\/sup> si\u00e8cle. Ancien dioc\u00e8se de Paris. Paris 1873.<\/li>\n<li>Lebeuf (abb\u00e9) , Histoire de la ville et de tout le dioc\u00e8se de Paris. Paris 1883.<\/li>\n<li>Moriceau Jean-Marc et Postel-Vinay Gilles, Ferme, entreprise, famille : grande exploitation et changements agricoles, XVII<sup>e<\/sup> &#8211; XIX<sup>e<\/sup> si\u00e8cle. \u00c9ditions EHESS Paris 1992.<\/li>\n<li>Terrasse Charles, les \u0152uvres de l&#8217;architecte Nicolas de Saint-Michel. Bull. monumental 81<sup>e<\/sup> vol. Paris 1922.<\/li>\n<\/ul>\n<p>[\/vc_column_text][\/vc_column][\/vc_row]<\/p>\n","protected":false},"excerpt":{"rendered":"<p>[vc_row][vc_column][vc_column_text]Son clocher pench\u00e9, disparu en 1899, a fait le d\u00e9lice des peintres. Les villages d&#8217;\u00c9couen, Bouqueval, Fontenay-en-France et Le Mesnil-Aubry marquent ses limites. Sa population, de tout temps rurale, n&#8217;a jamais d\u00e9pass\u00e9 les deux cents \u00e2mes et atteint aujourd&#8217;hui moins d&#8217;une centaine d&#8217;habitants. Il est situ\u00e9 par-del\u00e0 \u00c9couen, dans un pays de labourages qui fut [&hellip;]<\/p>\n","protected":false},"author":1,"featured_media":0,"parent":29,"menu_order":0,"comment_status":"closed","ping_status":"closed","template":"","meta":{"footnotes":""},"_links":{"self":[{"href":"https:\/\/mairie-leplessisgassot.fr\/index.php?rest_route=\/wp\/v2\/pages\/59"}],"collection":[{"href":"https:\/\/mairie-leplessisgassot.fr\/index.php?rest_route=\/wp\/v2\/pages"}],"about":[{"href":"https:\/\/mairie-leplessisgassot.fr\/index.php?rest_route=\/wp\/v2\/types\/page"}],"author":[{"embeddable":true,"href":"https:\/\/mairie-leplessisgassot.fr\/index.php?rest_route=\/wp\/v2\/users\/1"}],"replies":[{"embeddable":true,"href":"https:\/\/mairie-leplessisgassot.fr\/index.php?rest_route=%2Fwp%2Fv2%2Fcomments&post=59"}],"version-history":[{"count":5,"href":"https:\/\/mairie-leplessisgassot.fr\/index.php?rest_route=\/wp\/v2\/pages\/59\/revisions"}],"predecessor-version":[{"id":333,"href":"https:\/\/mairie-leplessisgassot.fr\/index.php?rest_route=\/wp\/v2\/pages\/59\/revisions\/333"}],"up":[{"embeddable":true,"href":"https:\/\/mairie-leplessisgassot.fr\/index.php?rest_route=\/wp\/v2\/pages\/29"}],"wp:attachment":[{"href":"https:\/\/mairie-leplessisgassot.fr\/index.php?rest_route=%2Fwp%2Fv2%2Fmedia&parent=59"}],"curies":[{"name":"wp","href":"https:\/\/api.w.org\/{rel}","templated":true}]}}