{"id":477,"date":"2016-03-16T15:53:08","date_gmt":"2016-03-16T14:53:08","guid":{"rendered":"http:\/\/mairie-leplessisgassot.fr\/?page_id=477"},"modified":"2018-05-31T17:27:28","modified_gmt":"2018-05-31T16:27:28","slug":"permanences","status":"publish","type":"page","link":"https:\/\/mairie-leplessisgassot.fr\/?page_id=477","title":{"rendered":"Permanences"},"content":{"rendered":"<h2>D\u00e9put\u00e9 de la 7<sup>e<\/sup> circonscription<\/h2>\n<p>M. Dominique DA SILVA<\/p>\n<h3>Suppl\u00e9ant<\/h3>\n<p>&nbsp;<\/p>\n<p>Assembl\u00e9e nationale,<br \/>\n126 Rue de l&#8217;Universit\u00e9,<br \/>\n75355 Paris 07 SP<\/p>\n<p>&nbsp;<\/p>\n<h2>Conseillers d\u00e9partementaux du canton de FOSSES<\/h2>\n<p>M. Daniel DESSE<br \/>\nMme. Agn\u00e8s RAFAITIN<\/p>\n<p>Hotel du Departement,<br \/>\n2, avenue du Parc &#8211; CS 20201<br \/>\n95032 CERGY-PONTOISE CEDEX<\/p>\n","protected":false},"excerpt":{"rendered":"<p>D\u00e9put\u00e9 de la 7e circonscription M. Dominique DA SILVA Suppl\u00e9ant &nbsp; Assembl\u00e9e nationale, 126 Rue de l&#8217;Universit\u00e9, 75355 Paris 07 SP &nbsp; Conseillers d\u00e9partementaux du canton de FOSSES M. Daniel DESSE Mme. Agn\u00e8s RAFAITIN Hotel du Departement, 2, avenue du Parc &#8211; CS 20201 95032 CERGY-PONTOISE CEDEX<\/p>\n","protected":false},"author":1,"featured_media":0,"parent":124,"menu_order":0,"comment_status":"closed","ping_status":"closed","template":"","meta":{"footnotes":""},"_links":{"self":[{"href":"https:\/\/mairie-leplessisgassot.fr\/index.php?rest_route=\/wp\/v2\/pages\/477"}],"collection":[{"href":"https:\/\/mairie-leplessisgassot.fr\/index.php?rest_route=\/wp\/v2\/pages"}],"about":[{"href":"https:\/\/mairie-leplessisgassot.fr\/index.php?rest_route=\/wp\/v2\/types\/page"}],"author":[{"embeddable":true,"href":"https:\/\/mairie-leplessisgassot.fr\/index.php?rest_route=\/wp\/v2\/users\/1"}],"replies":[{"embeddable":true,"href":"https:\/\/mairie-leplessisgassot.fr\/index.php?rest_route=%2Fwp%2Fv2%2Fcomments&post=477"}],"version-history":[{"count":4,"href":"https:\/\/mairie-leplessisgassot.fr\/index.php?rest_route=\/wp\/v2\/pages\/477\/revisions"}],"predecessor-version":[{"id":1058,"href":"https:\/\/mairie-leplessisgassot.fr\/index.php?rest_route=\/wp\/v2\/pages\/477\/revisions\/1058"}],"up":[{"embeddable":true,"href":"https:\/\/mairie-leplessisgassot.fr\/index.php?rest_route=\/wp\/v2\/pages\/124"}],"wp:attachment":[{"href":"https:\/\/mairie-leplessisgassot.fr\/index.php?rest_route=%2Fwp%2Fv2%2Fmedia&parent=477"}],"curies":[{"name":"wp","href":"https:\/\/api.w.org\/{rel}","templated":true}]}}