{"id":435,"date":"2016-03-14T16:12:37","date_gmt":"2016-03-14T15:12:37","guid":{"rendered":"http:\/\/mairie-leplessisgassot.fr\/?page_id=435"},"modified":"2020-06-11T17:41:44","modified_gmt":"2020-06-11T16:41:44","slug":"syndicats-intercommunaux","status":"publish","type":"page","link":"https:\/\/mairie-leplessisgassot.fr\/?page_id=435","title":{"rendered":"Syndicats Intercommunaux"},"content":{"rendered":"<p>[vc_row][vc_column][vc_column_text]Liste compl\u00e8te des syndicats dont Le Plessis-Gassot est membre :[\/vc_column_text][vc_tta_accordion gap=&#8221;10&#8243; active_section=&#8221;-1&#8243; no_fill=&#8221;true&#8221; collapsible_all=&#8221;true&#8221;][vc_tta_section title=&#8221;S.I.E.R.P.F.T.C.R.&#8221; tab_id=&#8221;SIERPFTCR&#8221;][vc_column_text]Syndicat Intercommunal d&#8217;Etudes et de R\u00e9alisation du Pays de France Transport Collectif Rural.<br \/>\n<strong>Titulaires<\/strong> :<\/p>\n<ul>\n<li>M. GUEVEL Didier,<\/li>\n<li><\/li>\n<\/ul>\n<p><strong>Suppl\u00e9ant<\/strong> :<\/p>\n<p>&nbsp;<\/p>\n<p>[\/vc_column_text][\/vc_tta_section][vc_tta_section title=&#8221;S.I.A.E.P&#8221; tab_id=&#8221;SIAEP&#8221;][vc_column_text]Syndicat Intercommunal d&#8217;Alimentation en Eau Potable de la R\u00e9gion Nord-Ecouen<br \/>\n<strong>Titulaires :<\/strong><\/p>\n<ul>\n<li>M. CARNEL M\u00e9d\u00e9ric,<\/li>\n<li><\/li>\n<\/ul>\n<p><strong>Suppl\u00e9ant :<\/strong><\/p>\n<ul>\n<li>Mme. PINEAU St\u00e9phanie<\/li>\n<li><\/li>\n<\/ul>\n<p>[\/vc_column_text][\/vc_tta_section][vc_tta_section title=&#8221;SIGIDURS&#8221; tab_id=&#8221;sigidurs&#8221;][vc_column_text]Syndicat mixte pour la Gestion et l&#8217;Incin\u00e9ration des D\u00e9chets Urbains de la R\u00e9gion de Sarcelles<br \/>\n<strong>Titulaire :<\/strong><\/p>\n<ul>\n<li>M. GUEVEL Didier.<\/li>\n<\/ul>\n<p><strong>T\u00e9l. :<\/strong> 01 34 19 69 70,<br \/>\n<strong>Fax :<\/strong> 01 34 19 93 68<br \/>\n<strong>Courriel : <\/strong> syndicat.sigidurs[a]laposte.net<br \/>\n<a href=\"http:\/\/www.sigidurs.fr\" target=\"_blank\" rel=\"noopener\">sigidurs.fr<\/a>[\/vc_column_text][\/vc_tta_section][vc_tta_section title=&#8221;S.M.D.E.G.T.V.O&#8221; tab_id=&#8221;smdegtvo&#8221;][vc_column_text]Syndicat Mixte D\u00e9partemental d&#8217;Electricit\u00e9, du Gaz et T\u00e9l\u00e9communications du Val-d&#8217;Oise.<br \/>\n<strong>Titulaires :<\/strong><\/p>\n<ul>\n<li>M. HINIEU Marcel,<\/li>\n<\/ul>\n<p><strong>Suppl\u00e9ant :<\/strong><\/p>\n<ul>\n<li>Mme PRUVOT Anne-Lise,<\/li>\n<\/ul>\n<p><strong>Courriel<\/strong> smdegtvo[a]wanadoo.fr[\/vc_column_text][\/vc_tta_section][vc_tta_section title=&#8221;S.G.F.A.V.O.&#8221; tab_id=&#8221;SGFAVO&#8221;][vc_column_text]Syndicat pour la Gestion d&#8217;une Fourri\u00e8re Animale du Val-d&#8217;Oise<br \/>\n<strong>Titulaires<\/strong> :\u00a0 Mme MAHIEU Brigitte \u00a0 \u00a0 \u00a0 \u00a0 \u00a0 \u00a0 \u00a0 \u00a0 \u00a0 \u00a0 \u00a0 Suppl\u00e9ante = Mme GUEVEL Ren\u00e9e<\/p>\n<p>[\/vc_column_text][\/vc_tta_section][vc_tta_section title=&#8221;C.A.R.P.F.&#8221; tab_id=&#8221;carpf&#8221;][vc_column_text]Communaut\u00e9 d&#8217;Agglom\u00e9ration Roissy Pays de France.<br \/>\n<strong>Titulaires<\/strong> :<\/p>\n<ul>\n<li>M. GUEVEL Didier<\/li>\n<\/ul>\n<p><strong>Suppl\u00e9ants<\/strong> :<\/p>\n<ul>\n<li>Mme MAHIEU Brigitte<\/li>\n<\/ul>\n<p><strong>T\u00e9l :<\/strong> 01 34 29 03 06<br \/>\n<strong>Fax : <\/strong>01 34 29 45 82<br \/>\n<strong>Courriel :<\/strong> info[a]roissy-online.com<br \/>\n<a href=\"http:\/\/cc-roissyportedefrance.com\" target=\"_blank\" rel=\"noopener\">cc-roissyportedefrance.com <\/a>[\/vc_column_text][\/vc_tta_section][\/vc_tta_accordion][\/vc_column][\/vc_row]<\/p>\n<p>&nbsp;<\/p>\n","protected":false},"excerpt":{"rendered":"<p>[vc_row][vc_column][vc_column_text]Liste compl\u00e8te des syndicats dont Le Plessis-Gassot est membre :[\/vc_column_text][vc_tta_accordion gap=&#8221;10&#8243; active_section=&#8221;-1&#8243; no_fill=&#8221;true&#8221; collapsible_all=&#8221;true&#8221;][vc_tta_section title=&#8221;S.I.E.R.P.F.T.C.R.&#8221; tab_id=&#8221;SIERPFTCR&#8221;][vc_column_text]Syndicat Intercommunal d&#8217;Etudes et de R\u00e9alisation du Pays de France Transport Collectif Rural. Titulaires : M. GUEVEL Didier, Suppl\u00e9ant : &nbsp; [\/vc_column_text][\/vc_tta_section][vc_tta_section title=&#8221;S.I.A.E.P&#8221; tab_id=&#8221;SIAEP&#8221;][vc_column_text]Syndicat Intercommunal d&#8217;Alimentation en Eau Potable de la R\u00e9gion Nord-Ecouen Titulaires : M. CARNEL M\u00e9d\u00e9ric, Suppl\u00e9ant : [&hellip;]<\/p>\n","protected":false},"author":1,"featured_media":0,"parent":121,"menu_order":0,"comment_status":"closed","ping_status":"closed","template":"","meta":{"footnotes":""},"_links":{"self":[{"href":"https:\/\/mairie-leplessisgassot.fr\/index.php?rest_route=\/wp\/v2\/pages\/435"}],"collection":[{"href":"https:\/\/mairie-leplessisgassot.fr\/index.php?rest_route=\/wp\/v2\/pages"}],"about":[{"href":"https:\/\/mairie-leplessisgassot.fr\/index.php?rest_route=\/wp\/v2\/types\/page"}],"author":[{"embeddable":true,"href":"https:\/\/mairie-leplessisgassot.fr\/index.php?rest_route=\/wp\/v2\/users\/1"}],"replies":[{"embeddable":true,"href":"https:\/\/mairie-leplessisgassot.fr\/index.php?rest_route=%2Fwp%2Fv2%2Fcomments&post=435"}],"version-history":[{"count":20,"href":"https:\/\/mairie-leplessisgassot.fr\/index.php?rest_route=\/wp\/v2\/pages\/435\/revisions"}],"predecessor-version":[{"id":1267,"href":"https:\/\/mairie-leplessisgassot.fr\/index.php?rest_route=\/wp\/v2\/pages\/435\/revisions\/1267"}],"up":[{"embeddable":true,"href":"https:\/\/mairie-leplessisgassot.fr\/index.php?rest_route=\/wp\/v2\/pages\/121"}],"wp:attachment":[{"href":"https:\/\/mairie-leplessisgassot.fr\/index.php?rest_route=%2Fwp%2Fv2%2Fmedia&parent=435"}],"curies":[{"name":"wp","href":"https:\/\/api.w.org\/{rel}","templated":true}]}}