{"id":350,"date":"2016-03-10T17:36:26","date_gmt":"2016-03-10T16:36:26","guid":{"rendered":"http:\/\/mairie-leplessisgassot.fr\/?page_id=350"},"modified":"2025-06-27T09:28:35","modified_gmt":"2025-06-27T08:28:35","slug":"la-mairie","status":"publish","type":"page","link":"https:\/\/mairie-leplessisgassot.fr\/?page_id=350","title":{"rendered":"La mairie"},"content":{"rendered":"<p><img loading=\"lazy\" decoding=\"async\" class=\"alignnone size-medium wp-image-1069\" src=\"http:\/\/mairie-leplessisgassot.fr\/wp-content\/uploads\/2018\/06\/Nouvelle-Mairie-2-3-300x225.jpg\" alt=\"\" width=\"300\" height=\"225\" \/><\/p>\n<p><strong><span style=\"text-decoration: underline\">Adresse et contacts<\/span><\/strong><\/p>\n<p>Place de la Ferme du Ch\u00e2teau<br \/>\n95 720 LE PLESSIS GASSOT<br \/>\n<span style=\"text-decoration: underline\">T\u00e9l\u00e9phone:<\/span> 01 39 88 16 11<br \/>\n<span style=\"text-decoration: underline\">Portable:<\/span> 06 15 88 62 71<br \/>\n<span style=\"text-decoration: underline\">Fax:<\/span> 01 39 92 88 91<a href=\"http:\/\/mairie-leplessisgassot.fr\/contactez-la-mairie\/\"><br \/>\n<\/a><span style=\"text-decoration: underline\">Courriel:<\/span> le.plessis.gassot@wanadoo.fr<br \/>\n<span style=\"text-decoration: underline\">Maire:<\/span> M Didier GUEVEL<br \/>\n<span style=\"text-decoration: underline\">Secr\u00e9taire de Mairie:<\/span>\u00a0 Mme L\u00e6titia PAVIL<br \/>\n<span style=\"text-decoration: underline\">Agent Technique:<\/span>\u00a0 \u00a0M Louis Winsley ROQUE<\/p>\n<p>&nbsp;<\/p>\n<p><strong><span style=\"text-decoration: underline\">Heures d&#8217;ouverture au public<br \/>\n<\/span><\/strong>Lundi \u2013 15h00 \u00e0 17h00<br \/>\nMardi \u2013 Ferm\u00e9<br \/>\nMercredi \u2013 10h00 \u00e0 12h00<br \/>\nJeudi \u2013 Ferm\u00e9<br \/>\nVendredi \u2013 9h00 \u00e0 11h00<\/p>\n<p>&nbsp;<\/p>\n<p>En raison d&#8217;une coupure de t\u00e9l\u00e9phone fixe, la mairie est joignable uniquement sur le portable au 06.15.88.62.71.<br \/>\nNous nous excusons de la g\u00eane occasionn\u00e9e.<br \/>\nMerci de votre compr\u00e9hension.<\/p>\n<p>&nbsp;<\/p>\n","protected":false},"excerpt":{"rendered":"<p>Adresse et contacts Place de la Ferme du Ch\u00e2teau 95 720 LE PLESSIS GASSOT T\u00e9l\u00e9phone: 01 39 88 16 11 Portable: 06 15 88 62 71 Fax: 01 39 92 88 91 Courriel: le.plessis.gassot@wanadoo.fr Maire: M Didier GUEVEL Secr\u00e9taire de Mairie:\u00a0 Mme L\u00e6titia PAVIL Agent Technique:\u00a0 \u00a0M Louis Winsley ROQUE &nbsp; Heures d&#8217;ouverture au public [&hellip;]<\/p>\n","protected":false},"author":1,"featured_media":0,"parent":121,"menu_order":0,"comment_status":"closed","ping_status":"closed","template":"","meta":{"footnotes":""},"_links":{"self":[{"href":"https:\/\/mairie-leplessisgassot.fr\/index.php?rest_route=\/wp\/v2\/pages\/350"}],"collection":[{"href":"https:\/\/mairie-leplessisgassot.fr\/index.php?rest_route=\/wp\/v2\/pages"}],"about":[{"href":"https:\/\/mairie-leplessisgassot.fr\/index.php?rest_route=\/wp\/v2\/types\/page"}],"author":[{"embeddable":true,"href":"https:\/\/mairie-leplessisgassot.fr\/index.php?rest_route=\/wp\/v2\/users\/1"}],"replies":[{"embeddable":true,"href":"https:\/\/mairie-leplessisgassot.fr\/index.php?rest_route=%2Fwp%2Fv2%2Fcomments&post=350"}],"version-history":[{"count":24,"href":"https:\/\/mairie-leplessisgassot.fr\/index.php?rest_route=\/wp\/v2\/pages\/350\/revisions"}],"predecessor-version":[{"id":1980,"href":"https:\/\/mairie-leplessisgassot.fr\/index.php?rest_route=\/wp\/v2\/pages\/350\/revisions\/1980"}],"up":[{"embeddable":true,"href":"https:\/\/mairie-leplessisgassot.fr\/index.php?rest_route=\/wp\/v2\/pages\/121"}],"wp:attachment":[{"href":"https:\/\/mairie-leplessisgassot.fr\/index.php?rest_route=%2Fwp%2Fv2%2Fmedia&parent=350"}],"curies":[{"name":"wp","href":"https:\/\/api.w.org\/{rel}","templated":true}]}}