{"id":348,"date":"2016-03-10T17:29:13","date_gmt":"2016-03-10T16:29:13","guid":{"rendered":"http:\/\/mairie-leplessisgassot.fr\/?page_id=348"},"modified":"2016-04-08T14:29:00","modified_gmt":"2016-04-08T13:29:00","slug":"mentions-legales","status":"publish","type":"page","link":"https:\/\/mairie-leplessisgassot.fr\/?page_id=348","title":{"rendered":"Mentions l\u00e9gales"},"content":{"rendered":"<p>[vc_row][vc_column][vc_tta_accordion style=&#8221;flat&#8221; spacing=&#8221;5&#8243; gap=&#8221;10&#8243; c_icon=&#8221;chevron&#8221; active_section=&#8221;50&#8243; no_fill=&#8221;true&#8221; collapsible_all=&#8221;true&#8221;][vc_tta_section i_icon_fontawesome=&#8221;fa fa-pencil&#8221; title=&#8221;\u00c9diteur&#8221; tab_id=&#8221;editeur&#8221; add_icon=&#8221;true&#8221;][vc_column_text]<\/p>\n<p>Le site du Plessis-Gassot est \u00e9dit\u00e9 et g\u00e9r\u00e9 par les administrateurs et les \u00e9lus de la commune du Plessis-Gassot<br \/>\n<strong>Mairie<\/strong><br \/>\nPlace de l\u2019Eglise<br \/>\n95720 LE PLESSIS-GASSOT<\/p>\n<p>Contactez-nous via le <a href=\"\/vie-municipale\/la-mairie\/\">formulaire de contact<\/a> de <a href=\"..\/..\/\">notre site internet<\/a><br \/>\nDirecteur de la publication : <strong>Didier GUEVEL<\/strong><\/p>\n<p>[\/vc_column_text][\/vc_tta_section][vc_tta_section i_icon_fontawesome=&#8221;fa fa-picture-o&#8221; title=&#8221;R\u00e9alisation du site&#8221; tab_id=&#8221;realisation&#8221; add_icon=&#8221;true&#8221;][vc_column_text]Le site est r\u00e9alis\u00e9 dans le cadre du projet lescommunesduvaldoisesurleweb.fr d\u00e9velopp\u00e9 par l\u2019<a href=\"http:\/\/uniondesmairesduvaldoise.fr\" target=\"blank\">Union des Maires du Val d\u2019Oise<\/a><br \/>\n38, rue de la Coutellerie<br \/>\n95300 PONTOISE<br \/>\nT\u00e9l\u00e9phone : 01 30 32 64 91[\/vc_column_text][\/vc_tta_section][vc_tta_section i_icon_fontawesome=&#8221;fa fa-database&#8221; title=&#8221;H\u00e9bergement&#8221; tab_id=&#8221;host&#8221; add_icon=&#8221;true&#8221;][vc_column_text]<\/p>\n<p>Le site est h\u00e9berg\u00e9 par <strong><a href=\"http:\/\/www.ovh.com\" target=\"blank\">OVH<\/a><\/strong><br \/>\n2 rue kellermann<br \/>\nBP 80157 59053 ROUBAIX Cedex 1<br \/>\nT\u00e9l\u00e9phone : +33 (0)8 203 203 63<br \/>\nsupport[a]ovh.com<\/p>\n<p>[\/vc_column_text][\/vc_tta_section][vc_tta_section i_icon_fontawesome=&#8221;fa fa-paint-brush&#8221; title=&#8221;Prestataire de la charte graphique&#8221; tab_id=&#8221;cgraph&#8221; add_icon=&#8221;true&#8221;][vc_column_text]<\/p>\n<p><strong>Union des Maires du Val d\u2019Oise<\/strong><br \/>\n38, rue de la Coutellerie \u2013 95300 PONTOISE<br \/>\nTel : 01 30 32 64 91<br \/>\nsecretariat[a]uniondesmairesduvaldoise.fr<\/p>\n<p>[\/vc_column_text][\/vc_tta_section][vc_tta_section i_icon_fontawesome=&#8221;fa fa-puzzle-piece&#8221; title=&#8221;Propri\u00e9t\u00e9 intellectuelle&#8221; tab_id=&#8221;intelpropr&#8221; add_icon=&#8221;true&#8221;][vc_column_text]<\/p>\n<p>Les contenus pr\u00e9sent\u00e9s sur ce site sont soumis \u00e0 la l\u00e9gislation relative aux informations publiques et sont couverts par le code de la propri\u00e9t\u00e9 intellectuelle (CPI).<br \/>\nToute demande de r\u00e9utilisation des vid\u00e9os, des photographies, des cr\u00e9ations graphiques, des illustrations, des repr\u00e9sentations iconographiques et des lexiques, ainsi que l\u2019ensemble des contenus \u00e9ditoriaux produits pour l\u2019animation \u00e9ditoriale du site doit \u00eatre dans la partie contact de la page d&#8217;accueil de ce site.<br \/>\nConform\u00e9ment au droit en vigueur les \u00ab documents officiels \u00bb sont librement r\u00e9utilisables, notamment :<\/p>\n<ul>\n<li>Les discours, les dossiers de presse et les communiqu\u00e9s<\/li>\n<li>Les circulaires, directives et autres documents r\u00e9glementaires<\/li>\n<li>Les formulaires CERFA<\/li>\n<li>Cr\u00e9dits photographiques et autres mentions relatives aux droits d\u2019auteur.<\/li>\n<li>Les photographies pr\u00e9sentes, ainsi que l\u2019ensemble des \u0153uvres figurant sur ce site proviennent de sources diff\u00e9rentes.<\/li>\n<li>Les cr\u00e9dits photographiques et autres mentions relatives aux droits d\u2019auteur, tels que sp\u00e9cifi\u00e9s sur ce site, doivent \u00eatre respect\u00e9s.<\/li>\n<\/ul>\n<p>[\/vc_column_text][\/vc_tta_section][vc_tta_section i_type=&#8221;openiconic&#8221; i_icon_openiconic=&#8221;vc-oi vc-oi-link&#8221; title=&#8221;Liens&#8221; tab_id=&#8221;liens&#8221; add_icon=&#8221;true&#8221;][vc_column_text]<\/p>\n<p>L\u2019\u00e9tablissement de liens vers le pr\u00e9sent site est possible.<br \/>\nLa mention explicite du site de la commune du Plessis-Gassot dans l\u2019intitul\u00e9 du lien est souhait\u00e9e.<br \/>\nLa commune du Plessis-Gassot se r\u00e9serve le droit de demander la suppression d\u2019un lien qu\u2019il estime non-conforme \u00e0 l\u2019objet de son site.<\/p>\n<p>[\/vc_column_text][\/vc_tta_section][vc_tta_section i_type=&#8221;entypo&#8221; i_icon_entypo=&#8221;entypo-icon entypo-icon-arrows-ccw&#8221; title=&#8221;R\u00e9utilisation des informations publiques&#8221; tab_id=&#8221;infos-pub&#8221; add_icon=&#8221;true&#8221;][vc_column_text]<\/p>\n<p>Les demandes de r\u00e9utilisation d\u2019informations publiques sont \u00e0 transmettre, pour accord, partie contact de la page d&#8217;accueil de ce site.<br \/>\nLe simple acc\u00e8s aux informations publiques est gratuit pour les particuliers comme pour les entreprises.<br \/>\nLa r\u00e9utilisation non commerciale, notamment \u00e0 des fins p\u00e9dagogiques, est autoris\u00e9e \u00e0 la condition de respecter l\u2019int\u00e9grit\u00e9 des informations et de n\u2019en alt\u00e9rer ni le sens, ni la port\u00e9e, ni l\u2019application et d\u2019en pr\u00e9ciser l\u2019origine et la date de publication.<\/p>\n<p>[\/vc_column_text][\/vc_tta_section][vc_tta_section i_icon_fontawesome=&#8221;fa fa-child&#8221; title=&#8221;Donn\u00e9es personnelles&#8221; tab_id=&#8221;persodata&#8221; add_icon=&#8221;true&#8221;][vc_column_text]Conform\u00e9ment \u00e0 la loi n\u00b078-17 du 6 janvier 1978 modifi\u00e9e relative \u00e0 l\u2019informatique aux fichiers et aux libert\u00e9s, vous disposez d\u2019un droit d\u2019opposition (art.38), d\u2019acc\u00e8s (art.39), de rectification ou de suppression (art.40) des donn\u00e9es qui vous concernent.<br \/>\nCe droit s\u2019exerce, en justifiant de son identit\u00e9 par voie postale :<br \/>\n<strong>Mairie<\/strong><br \/>\nPlace de l\u2019Eglise<br \/>\n95720 LE PLESSIS-GASSOT<\/p>\n<p>ou via <a href=\"\/vie-municipale\/la-mairie\/\">la partie contact<\/a> de ce site internet<\/p>\n<p>La commune du Plessis-Gassot s&#8217;interdit par principe d&#8217;employer des m\u00e9thodes qui permettent d&#8217;identifier ou de b\u00e2tir des profils type de visiteur de son site Internet.[\/vc_column_text][\/vc_tta_section][vc_tta_section i_icon_fontawesome=&#8221;fa fa-reply&#8221; title=&#8221;Droit de r\u00e9ponse&#8221; tab_id=&#8221;droitrep&#8221; add_icon=&#8221;true&#8221;][vc_column_text]<\/p>\n<p>Le droit de r\u00e9ponse peut \u00eatre exerc\u00e9 aupr\u00e8s du directeur de la publication via <a href=\"\/vie-municipale\/la-mairie\/\">la partie contact<\/a> de ce site internet.<\/p>\n<p>[\/vc_column_text][\/vc_tta_section][vc_tta_section i_icon_fontawesome=&#8221;fa fa-exclamation-triangle&#8221; title=&#8221;Avertissement&#8221; tab_id=&#8221;avertissement&#8221; add_icon=&#8221;true&#8221;][vc_column_text]<\/p>\n<p>Les informations figurant sur ce site et\/ou accessibles par ce site proviennent de sources consid\u00e9r\u00e9es comme \u00e9tant fiables. Toutefois, ces informations peuvent contenir des inexactitudes techniques et des erreurs typographiques.<br \/>\nLes informations et\/ou documents disponibles sur ce site sont susceptibles d\u2019\u00eatre modifi\u00e9s \u00e0 tout moment, et peuvent avoir fait l\u2019objet de mises \u00e0 jour. En particulier, ils peuvent avoir fait l\u2019objet d\u2019une mise \u00e0 jour, entre le moment de leur t\u00e9l\u00e9chargement et celui o\u00f9 l\u2019utilisateur en prend connaissance.<\/p>\n<p>[\/vc_column_text][\/vc_tta_section][vc_tta_section i_icon_fontawesome=&#8221;fa fa-book&#8221; title=&#8221;Droit applicable&#8221; tab_id=&#8221;droit&#8221; add_icon=&#8221;true&#8221;][vc_column_text]<\/p>\n<p>L\u2019utilisation de ce site est r\u00e9gie par le droit fran\u00e7ais, quel que soit le lieu d\u2019utilisation.<br \/>\nEn cas de contestation \u00e9ventuelle, et apr\u00e8s l\u2019\u00e9chec de toute tentative de recherche d\u2019une solution amiable, les tribunaux fran\u00e7ais seront seuls comp\u00e9tents pour conna\u00eetre de ce litige.<\/p>\n<p>[\/vc_column_text][\/vc_tta_section][\/vc_tta_accordion][\/vc_column][\/vc_row][vc_row][vc_column][vc_message color=&#8221;info&#8221;]<br \/>\n<em>Pour r\u00e9cup\u00e9rer les adresses mails dans la page ci-dessus, remplacez simplement le a entre crochets, et le crochets par le sigle arobas.<\/em><br \/>\n[\/vc_message][\/vc_column][\/vc_row]<\/p>\n","protected":false},"excerpt":{"rendered":"<p>[vc_row][vc_column][vc_tta_accordion style=&#8221;flat&#8221; spacing=&#8221;5&#8243; gap=&#8221;10&#8243; c_icon=&#8221;chevron&#8221; active_section=&#8221;50&#8243; no_fill=&#8221;true&#8221; collapsible_all=&#8221;true&#8221;][vc_tta_section i_icon_fontawesome=&#8221;fa fa-pencil&#8221; title=&#8221;\u00c9diteur&#8221; tab_id=&#8221;editeur&#8221; add_icon=&#8221;true&#8221;][vc_column_text] Le site du Plessis-Gassot est \u00e9dit\u00e9 et g\u00e9r\u00e9 par les administrateurs et les \u00e9lus de la commune du Plessis-Gassot Mairie Place de l\u2019Eglise 95720 LE PLESSIS-GASSOT Contactez-nous via le formulaire de contact de notre site internet Directeur de la publication : Didier [&hellip;]<\/p>\n","protected":false},"author":1,"featured_media":0,"parent":0,"menu_order":0,"comment_status":"closed","ping_status":"closed","template":"","meta":{"footnotes":""},"_links":{"self":[{"href":"https:\/\/mairie-leplessisgassot.fr\/index.php?rest_route=\/wp\/v2\/pages\/348"}],"collection":[{"href":"https:\/\/mairie-leplessisgassot.fr\/index.php?rest_route=\/wp\/v2\/pages"}],"about":[{"href":"https:\/\/mairie-leplessisgassot.fr\/index.php?rest_route=\/wp\/v2\/types\/page"}],"author":[{"embeddable":true,"href":"https:\/\/mairie-leplessisgassot.fr\/index.php?rest_route=\/wp\/v2\/users\/1"}],"replies":[{"embeddable":true,"href":"https:\/\/mairie-leplessisgassot.fr\/index.php?rest_route=%2Fwp%2Fv2%2Fcomments&post=348"}],"version-history":[{"count":4,"href":"https:\/\/mairie-leplessisgassot.fr\/index.php?rest_route=\/wp\/v2\/pages\/348\/revisions"}],"predecessor-version":[{"id":519,"href":"https:\/\/mairie-leplessisgassot.fr\/index.php?rest_route=\/wp\/v2\/pages\/348\/revisions\/519"}],"wp:attachment":[{"href":"https:\/\/mairie-leplessisgassot.fr\/index.php?rest_route=%2Fwp%2Fv2%2Fmedia&parent=348"}],"curies":[{"name":"wp","href":"https:\/\/api.w.org\/{rel}","templated":true}]}}