{"id":344,"date":"2016-03-10T17:26:43","date_gmt":"2016-03-10T16:26:43","guid":{"rendered":"http:\/\/mairie-leplessisgassot.fr\/?page_id=344"},"modified":"2023-03-17T09:43:46","modified_gmt":"2023-03-17T08:43:46","slug":"bruits-et-nuisances","status":"publish","type":"page","link":"https:\/\/mairie-leplessisgassot.fr\/?page_id=344","title":{"rendered":"Bruits et nuisances"},"content":{"rendered":"<p>Les habitants du Plessis-Gassot supportent les bruits et les nuisances de grandes entreprises.<\/p>\n<h2><span style=\"text-decoration: underline\">A\u00e9roport de Paris<\/span><\/h2>\n<p>Notre proximit\u00e9 de <a href=\"http:\/\/www.aeroportsdeparis.fr\/\" target=\"_blank\" rel=\"noopener\">Roissy &#8211; Charles de Gaulle<\/a> nous vaut le survol de nombreux avions de jour comme de nuit. Le classement de tout le territoire de la commune en <strong>zone de bruit \u00ab C \u00bb<\/strong> et les contraintes qui en d\u00e9coulent pour les constructions, expliquent pourquoi un village de 77 habitants, \u00e0 l&#8217;ombre de la tour Eiffel (\u00e0 17 km de la Porte de la Chapelle) ne s&#8217;est pas d\u00e9velopp\u00e9 alors que la pression immobili\u00e8re dans toute la r\u00e9gion est tr\u00e8s importante.<br \/>\nE.D.F a install\u00e9 avant la derni\u00e8re guerre un centre relais de distribution \u00e9lectrique et gratifie toute la plaine de France d&#8217;un grand nombre de pyl\u00f4nes.<\/p>\n<p>&nbsp;<\/p>\n<p>&nbsp;<\/p>\n<h2><span style=\"text-decoration: underline\">Le Centre d&#8217;Enfouissement <a href=\"http:\/\/veolia.fr\" target=\"_blank\" rel=\"noopener\">REP-VEOLIA<\/a><\/span><\/h2>\n<p>Le plus important centre d&#8217;enfouissement du d\u00e9partement s&#8217;\u00e9tend sur les communes de <a href=\"https:\/\/fr.wikipedia.org\/wiki\/Bouqueval\" target=\"_blank\" rel=\"noopener\">Bouqueval<\/a>, <a href=\"http:\/\/www.ecouen.fr\/\" target=\"_blank\" rel=\"noopener\">\u00c9couen<\/a>, <a href=\"http:\/\/www.le-mesnil-aubry.fr\/\" target=\"_blank\" rel=\"noopener\">Le Mesnil-Aubry<\/a> et pour la plus grosse partie sur le territoire du Plessis-Gassot.<br \/>\nVEOLIA Propret\u00e9,<br \/>\nR E P &#8211; ZI rue Robert Moinon, 95190 GOUSSAINVILLE<br \/>\nT\u00e9l : 0800 14 99 27<\/p>\n","protected":false},"excerpt":{"rendered":"<p>Les habitants du Plessis-Gassot supportent les bruits et les nuisances de grandes entreprises. A\u00e9roport de Paris Notre proximit\u00e9 de Roissy &#8211; Charles de Gaulle nous vaut le survol de nombreux avions de jour comme de nuit. Le classement de tout le territoire de la commune en zone de bruit \u00ab C \u00bb et les contraintes [&hellip;]<\/p>\n","protected":false},"author":1,"featured_media":0,"parent":118,"menu_order":0,"comment_status":"closed","ping_status":"closed","template":"","meta":{"footnotes":""},"_links":{"self":[{"href":"https:\/\/mairie-leplessisgassot.fr\/index.php?rest_route=\/wp\/v2\/pages\/344"}],"collection":[{"href":"https:\/\/mairie-leplessisgassot.fr\/index.php?rest_route=\/wp\/v2\/pages"}],"about":[{"href":"https:\/\/mairie-leplessisgassot.fr\/index.php?rest_route=\/wp\/v2\/types\/page"}],"author":[{"embeddable":true,"href":"https:\/\/mairie-leplessisgassot.fr\/index.php?rest_route=\/wp\/v2\/users\/1"}],"replies":[{"embeddable":true,"href":"https:\/\/mairie-leplessisgassot.fr\/index.php?rest_route=%2Fwp%2Fv2%2Fcomments&post=344"}],"version-history":[{"count":2,"href":"https:\/\/mairie-leplessisgassot.fr\/index.php?rest_route=\/wp\/v2\/pages\/344\/revisions"}],"predecessor-version":[{"id":1609,"href":"https:\/\/mairie-leplessisgassot.fr\/index.php?rest_route=\/wp\/v2\/pages\/344\/revisions\/1609"}],"up":[{"embeddable":true,"href":"https:\/\/mairie-leplessisgassot.fr\/index.php?rest_route=\/wp\/v2\/pages\/118"}],"wp:attachment":[{"href":"https:\/\/mairie-leplessisgassot.fr\/index.php?rest_route=%2Fwp%2Fv2%2Fmedia&parent=344"}],"curies":[{"name":"wp","href":"https:\/\/api.w.org\/{rel}","templated":true}]}}