{"id":332,"date":"2016-03-10T16:42:05","date_gmt":"2016-03-10T15:42:05","guid":{"rendered":"http:\/\/mairie-leplessisgassot.fr\/?page_id=332"},"modified":"2025-04-30T04:45:13","modified_gmt":"2025-04-30T03:45:13","slug":"entreprises","status":"publish","type":"page","link":"https:\/\/mairie-leplessisgassot.fr\/?page_id=332","title":{"rendered":"Entreprises"},"content":{"rendered":"<p>La commune du Plessis-Gassot accueil un certain nombres d&#8217;entreprises.<\/p>\n<h3><span style=\"text-decoration: underline\">Routi\u00e8re de l&#8217;Est Parisien VEOLIA<\/span><\/h3>\n<p><a href=\"http:\/\/veolia.fr\" target=\"_blank\" rel=\"noopener\">Groupe Veolia environnement<\/a><br \/>\nCarri\u00e8re, centre d&#8217;enfouissement des ordures m\u00e9nag\u00e8res de classe 2.<br \/>\nChemin vicinal n\u00b0 1<br \/>\nT\u00e9l 01 39 33 15 00<\/p>\n<p>&nbsp;<\/p>\n<h3><span style=\"text-decoration: underline\">Routi\u00e8re de l&#8217;Est Parisien <\/span><span style=\"text-decoration: underline\">DALKIA<\/span><\/h3>\n<p>Usine de production d&#8217;\u00e9lectricit\u00e9, (17 MH\/ heure) par combustion de biogaz.<br \/>\nChemin vicinal n\u00b0 1<br \/>\nFax exploitation de biogaz 01 39 33 16 01<\/p>\n<p>&nbsp;<\/p>\n<h3><span style=\"text-decoration: underline\">RTE-ERDF<\/span><\/h3>\n<p>R\u00e9seau de Transports d&#8217;Electricit\u00e9<br \/>\nPoste de transformation d&#8217;\u00e9lectricit\u00e9<br \/>\nRoute d\u00e9partementale n\u00b0 10<br \/>\nT\u00e9l. : 01.34.04.80.88<\/p>\n<p>&nbsp;<\/p>\n<h3><span style=\"text-decoration: underline\">La Fraiseraie du Plessis<\/span><\/h3>\n<p>Acc\u00e8s au distributeur de fraises de 9H \u00e0 12H 7 jours sur 7<br \/>\nA partir de Mai \u00e0 Juin (en fonction de la r\u00e9colte)<br \/>\nGuillaume MORET<br \/>\n1 rue des Blancs Manteaux<\/p>\n<p>&nbsp;<\/p>\n<p>&nbsp;<\/p>\n","protected":false},"excerpt":{"rendered":"<p>La commune du Plessis-Gassot accueil un certain nombres d&#8217;entreprises. Routi\u00e8re de l&#8217;Est Parisien VEOLIA Groupe Veolia environnement Carri\u00e8re, centre d&#8217;enfouissement des ordures m\u00e9nag\u00e8res de classe 2. Chemin vicinal n\u00b0 1 T\u00e9l 01 39 33 15 00 &nbsp; Routi\u00e8re de l&#8217;Est Parisien DALKIA Usine de production d&#8217;\u00e9lectricit\u00e9, (17 MH\/ heure) par combustion de biogaz. Chemin vicinal [&hellip;]<\/p>\n","protected":false},"author":1,"featured_media":0,"parent":118,"menu_order":0,"comment_status":"closed","ping_status":"closed","template":"","meta":{"footnotes":""},"_links":{"self":[{"href":"https:\/\/mairie-leplessisgassot.fr\/index.php?rest_route=\/wp\/v2\/pages\/332"}],"collection":[{"href":"https:\/\/mairie-leplessisgassot.fr\/index.php?rest_route=\/wp\/v2\/pages"}],"about":[{"href":"https:\/\/mairie-leplessisgassot.fr\/index.php?rest_route=\/wp\/v2\/types\/page"}],"author":[{"embeddable":true,"href":"https:\/\/mairie-leplessisgassot.fr\/index.php?rest_route=\/wp\/v2\/users\/1"}],"replies":[{"embeddable":true,"href":"https:\/\/mairie-leplessisgassot.fr\/index.php?rest_route=%2Fwp%2Fv2%2Fcomments&post=332"}],"version-history":[{"count":13,"href":"https:\/\/mairie-leplessisgassot.fr\/index.php?rest_route=\/wp\/v2\/pages\/332\/revisions"}],"predecessor-version":[{"id":1924,"href":"https:\/\/mairie-leplessisgassot.fr\/index.php?rest_route=\/wp\/v2\/pages\/332\/revisions\/1924"}],"up":[{"embeddable":true,"href":"https:\/\/mairie-leplessisgassot.fr\/index.php?rest_route=\/wp\/v2\/pages\/118"}],"wp:attachment":[{"href":"https:\/\/mairie-leplessisgassot.fr\/index.php?rest_route=%2Fwp%2Fv2%2Fmedia&parent=332"}],"curies":[{"name":"wp","href":"https:\/\/api.w.org\/{rel}","templated":true}]}}