{"id":31,"date":"2016-03-09T16:33:06","date_gmt":"2016-03-09T15:33:06","guid":{"rendered":"http:\/\/mairie-leplessisgassot.fr\/?page_id=31"},"modified":"2023-03-15T16:30:12","modified_gmt":"2023-03-15T15:30:12","slug":"presentation-du-village","status":"publish","type":"page","link":"https:\/\/mairie-leplessisgassot.fr\/?page_id=31","title":{"rendered":"Pr\u00e9sentation du village"},"content":{"rendered":"<p>[vc_row][vc_column width=&#8221;1\/4&#8243;][vc_single_image image=&#8221;33&#8243; img_size=&#8221;medium&#8221; alignment=&#8221;center&#8221; onclick=&#8221;link_image&#8221;][\/vc_column][vc_column width=&#8221;3\/4&#8243;][vc_column_text]LE PLESSIS-GASSOT est un village rural du Pays de France, situ\u00e9 \u00e0 2 km du <a href=\"http:\/\/musee-renaissance.fr\/\" target=\"_blank\" rel=\"noopener\">ch\u00e2teau de la Renaissance d&#8217;\u00c9COUEN<\/a> \u00e0 19 km au nord de <a href=\"http:\/\/www.notredamedeparis.fr\/\" target=\"_blank\" rel=\"noopener\">Notre Dame de Paris<\/a>, entre <a href=\"http:\/\/www.ecouen.fr\/\" target=\"_blank\" rel=\"noopener\">\u00c9COUEN<\/a> et <a href=\"http:\/\/fontenay-en-parisis.fr\/\" target=\"_blank\" rel=\"noopener\">FONTENAY-EN-PARISIS<\/a>, \u00e0 proximit\u00e9 de la route d\u00e9partementale 316, de la Francilienne et de l&#8217;<a href=\"http:\/\/www.aeroportsdeparis.fr\/\" target=\"_blank\" rel=\"noopener\">a\u00e9roport de ROISSY &#8211; Charles-de-GAULLE<\/a>[\/vc_column_text][\/vc_column][\/vc_row][vc_row][vc_column][vc_message]D\u00e9partement :\u00a0<em>VAL-D&#8217;OISE (95)<\/em><br \/>\n<a href=\"http:\/\/www2.assemblee-nationale.fr\/deputes\/fiche\/OMC_PA267895\" target=\"_blank\" rel=\"noopener\">Arrondissement :\u00a0<em>SARCELLES<\/em><\/a><br \/>\n<a href=\"http:\/\/www.valdoise.fr\/154-les-elus.htm\" target=\"_blank\" rel=\"noopener\">Canton : <em>FOSSES<\/em><\/a><br \/>\nPopulation \u00a0: 82<em> habitants ( 2020)<br \/>\n<\/em>Gentil\u00e9 :\u00a0<em>Plessis-Gassotain(e)<\/em><br \/>\nSuperficie :\u00a0<em>410 hectares<\/em><br \/>\nMonument remarquable :\u00a0<em>\u00c9glise\u00a0du XVI<sup>e<\/sup> si\u00e8cle<\/em><br \/>\nAltitude : <em>76m \/ 117m<\/em><br \/>\nCoordonn\u00e9es GPS : <em>Longitude : 2\u00b024&#8217;56&#8221;E : Latitude : 49\u00b001&#8217;60&#8221;N<\/em><br \/>\nCode INSEE : <em>95 492<\/em>[\/vc_message][\/vc_column][\/vc_row][vc_row][vc_column][\/vc_column][\/vc_row]<\/p>\n","protected":false},"excerpt":{"rendered":"<p>[vc_row][vc_column width=&#8221;1\/4&#8243;][vc_single_image image=&#8221;33&#8243; img_size=&#8221;medium&#8221; alignment=&#8221;center&#8221; onclick=&#8221;link_image&#8221;][\/vc_column][vc_column width=&#8221;3\/4&#8243;][vc_column_text]LE PLESSIS-GASSOT est un village rural du Pays de France, situ\u00e9 \u00e0 2 km du ch\u00e2teau de la Renaissance d&#8217;\u00c9COUEN \u00e0 19 km au nord de Notre Dame de Paris, entre \u00c9COUEN et FONTENAY-EN-PARISIS, \u00e0 proximit\u00e9 de la route d\u00e9partementale 316, de la Francilienne et de l&#8217;a\u00e9roport de ROISSY [&hellip;]<\/p>\n","protected":false},"author":1,"featured_media":0,"parent":29,"menu_order":0,"comment_status":"closed","ping_status":"closed","template":"","meta":{"footnotes":""},"_links":{"self":[{"href":"https:\/\/mairie-leplessisgassot.fr\/index.php?rest_route=\/wp\/v2\/pages\/31"}],"collection":[{"href":"https:\/\/mairie-leplessisgassot.fr\/index.php?rest_route=\/wp\/v2\/pages"}],"about":[{"href":"https:\/\/mairie-leplessisgassot.fr\/index.php?rest_route=\/wp\/v2\/types\/page"}],"author":[{"embeddable":true,"href":"https:\/\/mairie-leplessisgassot.fr\/index.php?rest_route=\/wp\/v2\/users\/1"}],"replies":[{"embeddable":true,"href":"https:\/\/mairie-leplessisgassot.fr\/index.php?rest_route=%2Fwp%2Fv2%2Fcomments&post=31"}],"version-history":[{"count":7,"href":"https:\/\/mairie-leplessisgassot.fr\/index.php?rest_route=\/wp\/v2\/pages\/31\/revisions"}],"predecessor-version":[{"id":1554,"href":"https:\/\/mairie-leplessisgassot.fr\/index.php?rest_route=\/wp\/v2\/pages\/31\/revisions\/1554"}],"up":[{"embeddable":true,"href":"https:\/\/mairie-leplessisgassot.fr\/index.php?rest_route=\/wp\/v2\/pages\/29"}],"wp:attachment":[{"href":"https:\/\/mairie-leplessisgassot.fr\/index.php?rest_route=%2Fwp%2Fv2%2Fmedia&parent=31"}],"curies":[{"name":"wp","href":"https:\/\/api.w.org\/{rel}","templated":true}]}}