{"id":302,"date":"2016-03-10T15:05:54","date_gmt":"2016-03-10T14:05:54","guid":{"rendered":"http:\/\/mairie-leplessisgassot.fr\/?page_id=302"},"modified":"2016-04-08T14:04:06","modified_gmt":"2016-04-08T13:04:06","slug":"collecte-des-dechets-menagers","status":"publish","type":"page","link":"https:\/\/mairie-leplessisgassot.fr\/?page_id=302","title":{"rendered":"Collecte des d\u00e9chets m\u00e9nagers"},"content":{"rendered":"<p>[vc_row][vc_column][vc_column_text]La mairie met \u00e0 votre disposition des services diff\u00e9rents pour le pr\u00e9l\u00e8vement et tri de vos ordures[\/vc_column_text][vc_basic_grid post_type=&#8221;post&#8221; max_items=&#8221;-1&#8243; item=&#8221;116&#8243; grid_id=&#8221;vc_gid:1460120632429-42bc1729-ec1f-4&#8243; taxonomies=&#8221;11&#8243;][\/vc_column][\/vc_row]<\/p>\n","protected":false},"excerpt":{"rendered":"<p>[vc_row][vc_column][vc_column_text]La mairie met \u00e0 votre disposition des services diff\u00e9rents pour le pr\u00e9l\u00e8vement et tri de vos ordures[\/vc_column_text][vc_basic_grid post_type=&#8221;post&#8221; max_items=&#8221;-1&#8243; item=&#8221;116&#8243; grid_id=&#8221;vc_gid:1460120632429-42bc1729-ec1f-4&#8243; taxonomies=&#8221;11&#8243;][\/vc_column][\/vc_row]<\/p>\n","protected":false},"author":1,"featured_media":0,"parent":118,"menu_order":0,"comment_status":"closed","ping_status":"closed","template":"","meta":{"footnotes":""},"_links":{"self":[{"href":"https:\/\/mairie-leplessisgassot.fr\/index.php?rest_route=\/wp\/v2\/pages\/302"}],"collection":[{"href":"https:\/\/mairie-leplessisgassot.fr\/index.php?rest_route=\/wp\/v2\/pages"}],"about":[{"href":"https:\/\/mairie-leplessisgassot.fr\/index.php?rest_route=\/wp\/v2\/types\/page"}],"author":[{"embeddable":true,"href":"https:\/\/mairie-leplessisgassot.fr\/index.php?rest_route=\/wp\/v2\/users\/1"}],"replies":[{"embeddable":true,"href":"https:\/\/mairie-leplessisgassot.fr\/index.php?rest_route=%2Fwp%2Fv2%2Fcomments&post=302"}],"version-history":[{"count":2,"href":"https:\/\/mairie-leplessisgassot.fr\/index.php?rest_route=\/wp\/v2\/pages\/302\/revisions"}],"predecessor-version":[{"id":510,"href":"https:\/\/mairie-leplessisgassot.fr\/index.php?rest_route=\/wp\/v2\/pages\/302\/revisions\/510"}],"up":[{"embeddable":true,"href":"https:\/\/mairie-leplessisgassot.fr\/index.php?rest_route=\/wp\/v2\/pages\/118"}],"wp:attachment":[{"href":"https:\/\/mairie-leplessisgassot.fr\/index.php?rest_route=%2Fwp%2Fv2%2Fmedia&parent=302"}],"curies":[{"name":"wp","href":"https:\/\/api.w.org\/{rel}","templated":true}]}}